{"id":3223,"date":"2014-04-21T11:35:29","date_gmt":"2014-04-21T11:35:29","guid":{"rendered":"http:\/\/www.drum.ch\/?page_id=3223"},"modified":"2014-04-21T11:35:29","modified_gmt":"2014-04-21T11:35:29","slug":"zhorn","status":"publish","type":"page","link":"http:\/\/www.drum.ch\/en\/zhorn\/","title":{"rendered":"Zhorn"},"content":{"rendered":"<div id='fullscreen_slider_0' class='avia-fullscreen-slider main_color  container_wrap sidebar_right'   ><a href='#next-section' title='' class='scroll-down-link ' aria-hidden='true' data-av_icon='\ue877' data-av_iconfont='entypo-fontello'><\/a><div  data-size='no scaling'  data-lightbox_size='large'  data-animation='slide'  data-ids='4377,3948,3947,4076,4080,3946,4106,4095'  data-video_counter='0'  data-autoplay='false'  data-bg_slider='true'  data-slide_height='100'  data-handle='av_fullscreen'  data-interval='10'  data-class=' '  data-css_id='fullscreen_slider_0'  data-scroll_down='aviaTBscroll_down'  data-control_layout=''  data-custom_markup=''  data-perma_caption=''  data-autoplay_stopper=''  data-image_attachment=''  data-min_height='0px'  data-stretch=''  class='avia-slideshow avia-slideshow-1 av-slider-scroll-down-active avia-slideshow-no scaling av_fullscreen   avia-slide-slider '  itemscope=\"itemscope\" itemtype=\"https:\/\/schema.org\/ImageObject\" ><ul class='avia-slideshow-inner' ><\/ul><\/div><\/div>\n<\/div><\/div><\/div><!-- close content main div --><\/div><\/div><div id='av_section_1' class='avia-section main_color avia-section-default avia-no-shadow avia-bg-style-scroll  container_wrap sidebar_right' style = 'background-color: #e8e8e8; background-color: #e8e8e8; '  ><div class='container' ><div class='template-page content  av-content-small alpha units'><div class='post-entry post-entry-type-page post-entry-3223'><div class='entry-content-wrapper clearfix'>\n<div class=\"flex_column av_one_half  flex_column_div first  \" ><p><div style='padding-bottom:10px;' class='av-special-heading av-special-heading-h3   '><h3 class='av-special-heading-tag'  itemprop=\"headline\"  >Agenda et news<\/h3><div class='special-heading-border'><div class='special-heading-inner-border' ><\/div><\/div><\/div><br \/>\n<\/p><\/div><div class=\"flex_column av_one_half  flex_column_div   \" ><p><div style='padding-bottom:10px;' class='av-special-heading av-special-heading-h3   '><h3 class='av-special-heading-tag'  itemprop=\"headline\"  >Pr\u00e9sentation<\/h3><div class='special-heading-border'><div class='special-heading-inner-border' ><\/div><\/div><\/div><br \/>\n<section class=\"av_textblock_section\"  itemscope=\"itemscope\" itemtype=\"https:\/\/schema.org\/CreativeWork\" ><div class='avia_textblock '   itemprop=\"text\" ><p>Originaire du Tyrol autrichien, <b>Al Widmoser<\/b> est le personnage clef de ce spectacle. Profond\u00e9ment attach\u00e9 \u00e0 certaines traditions culturelles encore vivantes dans son pays natal, sa volont\u00e9 est d&#8217;entretenir et faire partager une coutume particuli\u00e8re o\u00f9 se m\u00ealent d\u00e9guisements, percussions, odeurs et jeux de feu.<\/p>\n<p>La qualit\u00e9 de son travail a permis de r\u00e9aliser un spectacle endiabl\u00e9\u00a0de rythme et de couleur qui fascine petits et grands.<\/p>\n<\/div><\/section><br \/>\n<div class='avia-button-wrap avia-button-right '><a href='http:\/\/www.drum.ch\/en\/zhorn-galeries-photos\/' class='avia-button  avia-icon_select-yes-left-icon avia-color-theme-color avia-size-medium avia-position-right '   ><span class='avia_button_icon avia_button_icon_left ' aria-hidden='true' data-av_icon='\ue810' data-av_iconfont='entypo-fontello'><\/span><span class='avia_iconbox_title' >Galerie photos<\/span><\/a><\/div><\/p><\/div><\/div><\/div><\/div><!-- close content main div --><\/div><\/div><div id='after_section_1' class='main_color av_default_container_wrap container_wrap sidebar_right'   ><div class='container' ><div class='template-page content  av-content-small alpha units'><div class='post-entry post-entry-type-page post-entry-3223'><div class='entry-content-wrapper clearfix'><\/div><\/div><\/div><!-- close content main div --><\/div><\/div><div id='av_section_2' class='avia-section main_color avia-section-default avia-no-shadow avia-bg-style-scroll  container_wrap sidebar_right' style = 'background-color: #ffffff; background-color: #ffffff; '  ><div class='container' ><div class='template-page content  av-content-small alpha units'><div class='post-entry post-entry-type-page post-entry-3223'><div class='entry-content-wrapper clearfix'>\n<div style='padding-bottom:10px;' class='av-special-heading av-special-heading-h3   '><h3 class='av-special-heading-tag'  itemprop=\"headline\"  >Un spectacle d\u00e9coiffant<\/h3><div class='special-heading-border'><div class='special-heading-inner-border' ><\/div><\/div><\/div>\n<div class=\"flex_column av_one_half  flex_column_div first  \" ><section class=\"av_textblock_section\"  itemscope=\"itemscope\" itemtype=\"https:\/\/schema.org\/CreativeWork\" ><div class='avia_textblock '   itemprop=\"text\" ><p><b>ZHORN<\/b>\u00a0vous font d\u00e9couvrir dans une ambiance de f\u00eate particuli\u00e8re, un folklore qui puise ses sources \u00e0 l&#8217;origine des mythes li\u00e9s au monde des d\u00e9mons. La troupe est compos\u00e9e de percussionnistes, un pianist, une jodleuse , cracheurs de feu echasses, etc<\/p>\n<p><b>ZHORN, <\/b>illumin\u00e9s par des effets pyrotechniques, se d\u00e9placent en cr\u00e9ant un v\u00e9ritable cort\u00e8ge de cadences, d&#8217;odeurs et d&#8217;originalit\u00e9s. Les sons se m\u00ealent, se heurtent, vous font vibrer, vous transpercent et vous emportent avec eux.<\/p>\n<p>Sans cesse en mouvement, <b>ZHORN<\/b> sont en contact permanent avec le public, ils l&#8217;intriguent, se jouent de lui, l&#8217;\u00e9merveillent, ajoutant ainsi une dimension suppl\u00e9mentaire \u00e0 ce spectacle visuel et sonore<\/p>\n<p>L&#8217;authenticit\u00e9 de leurs costumes les rende particuli\u00e8rement impressionnants. Tout de poils v\u00eatus avec leurs masques aux longues dents somm\u00e9s de deux \u00e9normes cornes, <b>ZHORN<\/b> charg\u00e9s de leurs sonnailles et de leurs tambours semblent sortir tout droit des forges de l&#8217;enfer.<\/p>\n<\/div><\/section><\/div><div class=\"flex_column av_one_half  flex_column_div   \" ><p><div  class='avia-video avia-video-16-9  '  itemprop=\"video\" itemtype=\"https:\/\/schema.org\/VideoObject\" ><div class='avia-iframe-wrap'><iframe width=\"1500\" height=\"844\" src=\"http:\/\/www.youtube.com\/embed\/D8lHXku5vDg?feature=oembed\" frameborder=\"0\" allowfullscreen><\/iframe><\/div><\/div><br \/>\n<div class='avia-button-wrap avia-button-right '><a href='http:\/\/www.drum.ch\/en\/zhorn\/zhorn-medias\/' class='avia-button  avia-icon_select-yes-left-icon avia-color-theme-color avia-size-medium avia-position-right '   ><span class='avia_button_icon avia_button_icon_left ' aria-hidden='true' data-av_icon='\ue810' data-av_iconfont='entypo-fontello'><\/span><span class='avia_iconbox_title' >Voir plus de vid\u00e9os<\/span><\/a><\/div><\/p><\/div>\n<\/div><\/div><\/div><!-- close content main div --><\/div><\/div><div id='after_section_2' class='main_color av_default_container_wrap container_wrap sidebar_right'   ><div class='container' ><div class='template-page content  av-content-small alpha units'><div class='post-entry post-entry-type-page post-entry-3223'><div class='entry-content-wrapper clearfix'><\/p>\n<\/div><\/div><\/div><!-- close content main div --><\/div><\/div><div id='av_section_3' class='avia-section main_color avia-section-default avia-no-shadow avia-bg-style-scroll  container_wrap sidebar_right' style = 'background-color: #e8e8e8; background-color: #e8e8e8; '  ><div class='container' ><div class='template-page content  av-content-small alpha units'><div class='post-entry post-entry-type-page post-entry-3223'><div class='entry-content-wrapper clearfix'>\n<div style='padding-bottom:10px;' class='av-special-heading av-special-heading-h3   '><h3 class='av-special-heading-tag'  itemprop=\"headline\"  >Une tradition de plusieurs si\u00e8cles<\/h3><div class='special-heading-border'><div class='special-heading-inner-border' ><\/div><\/div><\/div>\n<div class=\"flex_column av_one_third  flex_column_div first  \" ><div class='avia-image-container avia_animated_image avia_animate_when_almost_visible left-to-right av-styling-   avia-align-center '  itemscope=\"itemscope\" itemtype=\"https:\/\/schema.org\/ImageObject\"  ><div class='avia-image-container-inner'><img class='avia_image ' src='http:\/\/www.drum.ch\/wp-content\/uploads\/2014\/04\/Capture-d\u2019\u00e9cran-2014-05-24-\u00e0-18.51.08-229x300.png' alt='' title=''   itemprop=\"contentURL\"  \/><\/div><\/div><\/div><div class=\"flex_column av_one_third  flex_column_div   \" ><section class=\"av_textblock_section\"  itemscope=\"itemscope\" itemtype=\"https:\/\/schema.org\/CreativeWork\" ><div class='avia_textblock '   itemprop=\"text\" ><p><strong>ZHORN<\/strong> plongent leurs racines dans un amalgame diffus de rites, de croyances et traditions. Ils s&#8217;apparentent \u00e0 une mythologie qui se retrouvent dans toute l&#8217;Europe occidentale et qui est issue de la civilisation celtique. Les festivit\u00e9s constituaient un maillon du retour au printemps. Accompagn\u00e9 de tambourineurs, l&#8217;on se d\u00e9guisait en b\u00eates, en diables, en sorci\u00e8res et en bouffons pour \u00e9loigner les d\u00e9mons et appeler la f\u00e9condit\u00e9 sur la terre. Aujourd&#8217;hui, cette coutume est rest\u00e9e bien vivante gr\u00e2ce \u00e0 son usage festif et de nombreuses localit\u00e9s poss\u00e8dent leurs personnages masqu\u00e9s sp\u00e9cifiques, symbole de l&#8217;identit\u00e9 locale.<\/p>\n<\/div><\/section><\/div><div class=\"flex_column av_one_third  flex_column_div   \" ><p><section class=\"av_textblock_section\"  itemscope=\"itemscope\" itemtype=\"https:\/\/schema.org\/CreativeWork\" ><div class='avia_textblock '   itemprop=\"text\" ><p>D\u00e9s la mi-novembre, le Tyrol autrichien vit au rythme des sorties de masque. De nombreux villages voient d\u00e9ambuler des groupes d&#8217;\u00e9tranges et imposants personnages masqu\u00e9s qui s&#8217;arr\u00eatent de maison en maison, pratiquant chez les amis et connaissances le jeu de l&#8217;intrigue. Parmi eux, les troupes de diables, soufflant dans des cornes de brume, d\u00e9filant aux sons des tambours, des cloches et des ceintures de grelots.<\/p>\n<\/div><\/section><br \/>\n<div class='avia-button-wrap avia-button-right '><a href='http:\/\/www.drum.ch\/en\/zhorn\/zhorn-histoire-et-symbolique\/' class='avia-button  avia-icon_select-yes-left-icon avia-color-theme-color avia-size-medium avia-position-right '   ><span class='avia_button_icon avia_button_icon_left ' aria-hidden='true' data-av_icon='\ue81f' data-av_iconfont='entypo-fontello'><\/span><span class='avia_iconbox_title' >Histoire et symbolique<\/span><\/a><\/div><\/p><\/div><\/div><\/div><\/div><!-- close content main div --><\/div><\/div><div id='after_section_3' class='main_color av_default_container_wrap container_wrap sidebar_right'   ><div class='container' ><div class='template-page content  av-content-small alpha units'><div class='post-entry post-entry-type-page post-entry-3223'><div class='entry-content-wrapper clearfix'><\/div><\/div><\/div><!-- close content main div --><\/div><\/div><div id='av_section_4' class='avia-section main_color avia-section-default avia-no-shadow avia-bg-style-scroll  container_wrap sidebar_right' style = 'background-color: #ffffff; background-color: #ffffff; '  ><div class='container' ><div class='template-page content  av-content-small alpha units'><div class='post-entry post-entry-type-page post-entry-3223'><div class='entry-content-wrapper clearfix'>\n<div style='padding-bottom:10px;' class='av-special-heading av-special-heading-h3   '><h3 class='av-special-heading-tag'  itemprop=\"headline\"  >Animation sur demande<\/h3><div class='special-heading-border'><div class='special-heading-inner-border' ><\/div><\/div><\/div>\n<div class=\"flex_column av_one_half  flex_column_div first  \" ><p><section class=\"av_textblock_section\"  itemscope=\"itemscope\" itemtype=\"https:\/\/schema.org\/CreativeWork\" ><div class='avia_textblock '   itemprop=\"text\" ><p>Le spectacle de <strong>ZHORN<\/strong> s&#8217;adapte \u00e0 votre demande et fait du d\u00e9roulement de votre \u00e9v\u00e9nement un succ\u00e8s.<\/p>\n<p>Vous pouvez r\u00e9server les services de la troupe pour les prestations suivantes :<\/p>\n<ul>\n<li>Cort\u00e8ges,<\/li>\n<li>Carnavals d&#8217;hiver,<\/li>\n<li>Festivals,<\/li>\n<li>F\u00eates traditionnelles,<\/li>\n<li>F\u00eates de quartier,<\/li>\n<li>Performances,<\/li>\n<li>Expositions,<\/li>\n<li>F\u00eate de la musique,<\/li>\n<li>Saint-Nicolas,\u00a0P\u00e8re Fouettard,<\/li>\n<li>Escalade,<\/li>\n<li>F\u00eates d&#8217;entreprise,<\/li>\n<li>F\u00eates priv\u00e9es,<\/li>\n<li>Halloween,\u2026<\/li>\n<\/ul>\n<\/div><\/section><br \/>\n<div class='avia-button-wrap avia-button-right '><a href='http:\/\/www.drum.ch\/en\/zhorn\/zhorn-tarifs\/' class='avia-button  avia-icon_select-yes-left-icon avia-color-theme-color avia-size-medium avia-position-right '   ><span class='avia_button_icon avia_button_icon_left ' aria-hidden='true' data-av_icon='\ue811' data-av_iconfont='entypo-fontello'><\/span><span class='avia_iconbox_title' >Tarifs<\/span><\/a><\/div><\/p><\/div><div class=\"flex_column av_one_half  flex_column_div   \" ><section class=\"av_textblock_section\"  itemscope=\"itemscope\" itemtype=\"https:\/\/schema.org\/CreativeWork\" ><div class='avia_textblock '   itemprop=\"text\" ><p><strong>La Troupe se d\u00e9place avec tout un ensemble d&#8217;attirail fort original, tels que:<\/strong>\u00a0un tracteur transform\u00e9 avec une g\u00e9n\u00e9ratrice, une sono, piano, projecteur de flammes , une cage \u00e0 ours, costumes, instruments.<\/p>\n<h3><strong>Pour conna\u00eetre nos tarifs <\/strong><\/h3>\n<h3><strong>ou tout autre renseignement:<\/strong><\/h3>\n<p><strong>ZHORN, Les Diables\u2026<\/strong><\/p>\n<p>AL WIDMOSER<br \/>\n7, rue Villereuse<br \/>\nCH-1207 Gen\u00e8ve<br \/>\nSuisse<\/p>\n<p><strong>T\u00e9l\u00e9phone :<\/strong> +41 79 432 89 67<\/p>\n<p><strong>Email:<\/strong> <a href=\"mailto:al@drum.ch\">al@drum.ch<\/a><\/p>\n<\/div><\/section><\/div><\/div><\/div><\/div><!-- close content main div --><\/div><\/div><div id='after_section_4' class='main_color av_default_container_wrap container_wrap sidebar_right'   ><div class='container' ><div class='template-page content  av-content-small alpha units'><div class='post-entry post-entry-type-page post-entry-3223'><div class='entry-content-wrapper clearfix'><\/p>\n","protected":false},"excerpt":{"rendered":"","protected":false},"author":1,"featured_media":0,"parent":0,"menu_order":0,"comment_status":"open","ping_status":"open","template":"","meta":[],"_links":{"self":[{"href":"http:\/\/www.drum.ch\/en\/wp-json\/wp\/v2\/pages\/3223"}],"collection":[{"href":"http:\/\/www.drum.ch\/en\/wp-json\/wp\/v2\/pages"}],"about":[{"href":"http:\/\/www.drum.ch\/en\/wp-json\/wp\/v2\/types\/page"}],"author":[{"embeddable":true,"href":"http:\/\/www.drum.ch\/en\/wp-json\/wp\/v2\/users\/1"}],"replies":[{"embeddable":true,"href":"http:\/\/www.drum.ch\/en\/wp-json\/wp\/v2\/comments?post=3223"}],"version-history":[{"count":0,"href":"http:\/\/www.drum.ch\/en\/wp-json\/wp\/v2\/pages\/3223\/revisions"}],"wp:attachment":[{"href":"http:\/\/www.drum.ch\/en\/wp-json\/wp\/v2\/media?parent=3223"}],"curies":[{"name":"wp","href":"https:\/\/api.w.org\/{rel}","templated":true}]}}